{"id":17,"date":"2024-03-04T12:35:27","date_gmt":"2024-03-04T11:35:27","guid":{"rendered":"https:\/\/babtpfi.cluster030.hosting.ovh.net\/?page_id=17"},"modified":"2024-03-19T16:50:04","modified_gmt":"2024-03-19T15:50:04","slug":"revalorisation-materiaux","status":"publish","type":"page","link":"https:\/\/babtp.fr\/index.php\/revalorisation-materiaux\/","title":{"rendered":"REVALORISATION MAT\u00c9RIAUX"},"content":{"rendered":"\t\t<div data-elementor-type=\"wp-page\" data-elementor-id=\"17\" class=\"elementor elementor-17\">\n\t\t\t\t<div class=\"elementor-element elementor-element-b66a85a e-flex e-con-boxed e-con e-parent\" data-id=\"b66a85a\" data-element_type=\"container\" data-settings=\"{&quot;background_background&quot;:&quot;gradient&quot;}\">\n\t\t\t\t\t<div class=\"e-con-inner\">\n\t\t\t\t<div class=\"elementor-element elementor-element-ecd80c1 elementor-widget elementor-widget-image\" data-id=\"ecd80c1\" data-element_type=\"widget\" data-widget_type=\"image.default\">\n\t\t\t\t<div class=\"elementor-widget-container\">\n\t\t\t<style>\/*! elementor - v3.23.0 - 25-07-2024 *\/\n.elementor-widget-image{text-align:center}.elementor-widget-image a{display:inline-block}.elementor-widget-image a img[src$=\".svg\"]{width:48px}.elementor-widget-image img{vertical-align:middle;display:inline-block}<\/style>\t\t\t\t\t\t\t\t\t\t<img fetchpriority=\"high\" decoding=\"async\" width=\"577\" height=\"433\" src=\"https:\/\/babtp.fr\/wp-content\/uploads\/2024\/03\/cribleur-chaleur-babtp-nosmetiers-removebg-preview.png\" class=\"attachment-large size-large wp-image-1632\" alt=\"\" srcset=\"https:\/\/babtp.fr\/wp-content\/uploads\/2024\/03\/cribleur-chaleur-babtp-nosmetiers-removebg-preview.png 577w, https:\/\/babtp.fr\/wp-content\/uploads\/2024\/03\/cribleur-chaleur-babtp-nosmetiers-removebg-preview-300x225.png 300w\" sizes=\"(max-width: 577px) 100vw, 577px\" \/>\t\t\t\t\t\t\t\t\t\t\t\t\t<\/div>\n\t\t\t\t<\/div>\n\t\t\t\t\t<\/div>\n\t\t\t\t<\/div>\n\t\t<div class=\"elementor-element elementor-element-8e50f33 e-flex e-con-boxed e-con e-parent\" data-id=\"8e50f33\" data-element_type=\"container\">\n\t\t\t\t\t<div class=\"e-con-inner\">\n\t\t<div class=\"elementor-element elementor-element-2f6d88b e-con-full e-flex e-con e-child\" data-id=\"2f6d88b\" data-element_type=\"container\">\n\t\t\t\t<div class=\"elementor-element elementor-element-246b35e elementor-widget elementor-widget-text-editor\" data-id=\"246b35e\" data-element_type=\"widget\" data-widget_type=\"text-editor.default\">\n\t\t\t\t<div class=\"elementor-widget-container\">\n\t\t\t<style>\/*! elementor - v3.23.0 - 25-07-2024 *\/\n.elementor-widget-text-editor.elementor-drop-cap-view-stacked .elementor-drop-cap{background-color:#69727d;color:#fff}.elementor-widget-text-editor.elementor-drop-cap-view-framed .elementor-drop-cap{color:#69727d;border:3px solid;background-color:transparent}.elementor-widget-text-editor:not(.elementor-drop-cap-view-default) .elementor-drop-cap{margin-top:8px}.elementor-widget-text-editor:not(.elementor-drop-cap-view-default) .elementor-drop-cap-letter{width:1em;height:1em}.elementor-widget-text-editor .elementor-drop-cap{float:left;text-align:center;line-height:1;font-size:50px}.elementor-widget-text-editor .elementor-drop-cap-letter{display:inline-block}<\/style>\t\t\t\t<p>L&rsquo;entreprise poss\u00e8de une unit\u00e9 de criblage chaulage de marque EDS, d&rsquo;une production de 50t\/h situ\u00e9 \u00e0 Anglet. Dans le cadre de la transition \u00e9nerg\u00e9tique, cette unit\u00e9 nous permet de cribler, d&rsquo;amender \u00e0 la chaux les d\u00e9blais issus des tranch\u00e9es et de les r\u00e9utiliser en remblais de tranch\u00e9e<\/p>\t\t\t\t\t\t<\/div>\n\t\t\t\t<\/div>\n\t\t\t\t<\/div>\n\t\t<div class=\"elementor-element elementor-element-6edb959 e-con-full e-flex e-con e-child\" data-id=\"6edb959\" data-element_type=\"container\">\n\t\t\t\t<\/div>\n\t\t<div class=\"elementor-element elementor-element-efa7415 e-con-full e-flex e-con e-child\" data-id=\"efa7415\" data-element_type=\"container\">\n\t\t\t\t<\/div>\n\t\t<div class=\"elementor-element elementor-element-640dafc e-con-full e-flex e-con e-child\" data-id=\"640dafc\" data-element_type=\"container\">\n\t\t\t\t<div class=\"elementor-element elementor-element-a7c7db7 elementor-widget elementor-widget-heading\" data-id=\"a7c7db7\" data-element_type=\"widget\" data-widget_type=\"heading.default\">\n\t\t\t\t<div class=\"elementor-widget-container\">\n\t\t\t<style>\/*! elementor - v3.23.0 - 25-07-2024 *\/\n.elementor-heading-title{padding:0;margin:0;line-height:1}.elementor-widget-heading .elementor-heading-title[class*=elementor-size-]>a{color:inherit;font-size:inherit;line-height:inherit}.elementor-widget-heading .elementor-heading-title.elementor-size-small{font-size:15px}.elementor-widget-heading .elementor-heading-title.elementor-size-medium{font-size:19px}.elementor-widget-heading .elementor-heading-title.elementor-size-large{font-size:29px}.elementor-widget-heading .elementor-heading-title.elementor-size-xl{font-size:39px}.elementor-widget-heading .elementor-heading-title.elementor-size-xxl{font-size:59px}<\/style><h2 class=\"elementor-heading-title elementor-size-default\">Nos savoir-faire<\/h2>\t\t<\/div>\n\t\t\t\t<\/div>\n\t\t\t\t<div class=\"elementor-element elementor-element-13d27f5 elementor-widget elementor-widget-text-editor\" data-id=\"13d27f5\" data-element_type=\"widget\" data-widget_type=\"text-editor.default\">\n\t\t\t\t<div class=\"elementor-widget-container\">\n\t\t\t\t\t\t\t<p><strong>Nos savoir-faire en revalorisation:<\/strong><\/p><p>-Grave 0\/3,5mm trait\u00e9e \u00e0 la chaux\u00a0<\/p><p>-Sable 0\/4mm trait\u00e9 \u00e0 la chaux\u00a0<\/p><p><em>*L&rsquo;installation est r\u00e9f\u00e9renc\u00e9e dans le centre de ressources Materrio-construction.<\/em><\/p>\t\t\t\t\t\t<\/div>\n\t\t\t\t<\/div>\n\t\t\t\t<\/div>\n\t\t\t\t\t<\/div>\n\t\t\t\t<\/div>\n\t\t<div class=\"elementor-element elementor-element-02c8dce e-flex e-con-boxed e-con e-parent\" data-id=\"02c8dce\" data-element_type=\"container\">\n\t\t\t\t\t<div class=\"e-con-inner\">\n\t\t<div class=\"elementor-element elementor-element-4f94985 e-con-full e-flex e-con e-child\" data-id=\"4f94985\" data-element_type=\"container\" data-settings=\"{&quot;background_background&quot;:&quot;gradient&quot;}\">\n\t\t\t\t<\/div>\n\t\t<div class=\"elementor-element elementor-element-9fbb2fa e-con-full e-flex e-con e-child\" data-id=\"9fbb2fa\" data-element_type=\"container\" data-settings=\"{&quot;background_background&quot;:&quot;gradient&quot;}\">\n\t\t\t\t<\/div>\n\t\t<div class=\"elementor-element elementor-element-08b925b e-con-full e-flex e-con e-child\" data-id=\"08b925b\" data-element_type=\"container\" data-settings=\"{&quot;background_background&quot;:&quot;gradient&quot;}\">\n\t\t\t\t<\/div>\n\t\t<div class=\"elementor-element elementor-element-161fb70 e-con-full e-flex e-con e-child\" data-id=\"161fb70\" data-element_type=\"container\" data-settings=\"{&quot;background_background&quot;:&quot;gradient&quot;}\">\n\t\t\t\t<\/div>\n\t\t\t\t\t<\/div>\n\t\t\t\t<\/div>\n\t\t<div class=\"elementor-element elementor-element-66f20f7 e-con-full e-flex e-con e-parent\" data-id=\"66f20f7\" data-element_type=\"container\" data-settings=\"{&quot;background_background&quot;:&quot;classic&quot;,&quot;shape_divider_bottom&quot;:&quot;opacity-tilt&quot;}\">\n\t\t\t\t<div class=\"elementor-shape elementor-shape-bottom\" data-negative=\"false\">\n\t\t\t<svg xmlns=\"http:\/\/www.w3.org\/2000\/svg\" viewBox=\"0 0 2600 131.1\" preserveAspectRatio=\"none\">\n\t<path class=\"elementor-shape-fill\" d=\"M0 0L2600 0 2600 69.1 0 0z\"\/>\n\t<path class=\"elementor-shape-fill\" style=\"opacity:0.5\" d=\"M0 0L2600 0 2600 69.1 0 69.1z\"\/>\n\t<path class=\"elementor-shape-fill\" style=\"opacity:0.25\" d=\"M2600 0L0 0 0 130.1 2600 69.1z\"\/>\n<\/svg>\t\t<\/div>\n\t\t<div class=\"elementor-element elementor-element-4ba7b47 e-con-full e-flex e-con e-child\" data-id=\"4ba7b47\" data-element_type=\"container\" data-settings=\"{&quot;background_background&quot;:&quot;classic&quot;}\">\n\t\t\t\t<div class=\"elementor-element elementor-element-51caf3e elementor-widget elementor-widget-text-editor\" data-id=\"51caf3e\" data-element_type=\"widget\" data-widget_type=\"text-editor.default\">\n\t\t\t\t<div class=\"elementor-widget-container\">\n\t\t\t\t\t\t\t<p>Nos m\u00e9tiers<\/p>\t\t\t\t\t\t<\/div>\n\t\t\t\t<\/div>\n\t\t\t\t<div class=\"elementor-element elementor-element-e3e56f0 elementor-widget elementor-widget-heading\" data-id=\"e3e56f0\" data-element_type=\"widget\" data-widget_type=\"heading.default\">\n\t\t\t\t<div class=\"elementor-widget-container\">\n\t\t\t<h1 class=\"elementor-heading-title elementor-size-default\">Revaloriation des mat\u00e9riaux <\/h1>\t\t<\/div>\n\t\t\t\t<\/div>\n\t\t\t\t<\/div>\n\t\t<div class=\"elementor-element elementor-element-e740f99 e-con-full e-flex e-con e-child\" data-id=\"e740f99\" data-element_type=\"container\">\n\t\t\t\t<\/div>\n\t\t\t\t<\/div>\n\t\t\t\t<\/div>\n\t\t","protected":false},"excerpt":{"rendered":"<p>L&rsquo;entreprise poss\u00e8de une unit\u00e9 de criblage chaulage de marque EDS, d&rsquo;une production de 50t\/h situ\u00e9 \u00e0 Anglet. Dans le cadre de la transition \u00e9nerg\u00e9tique, cette unit\u00e9 nous permet de cribler, d&rsquo;amender \u00e0 la chaux les d\u00e9blais issus des tranch\u00e9es et de les r\u00e9utiliser en remblais de tranch\u00e9e Nos savoir-faire Nos savoir-faire en revalorisation: -Grave 0\/3,5mm&#8230;<\/p>\n","protected":false},"author":1,"featured_media":0,"parent":0,"menu_order":0,"comment_status":"closed","ping_status":"closed","template":"","meta":{"_kad_post_transparent":"","_kad_post_title":"","_kad_post_layout":"","_kad_post_sidebar_id":"","_kad_post_content_style":"","_kad_post_vertical_padding":"","_kad_post_feature":"","_kad_post_feature_position":"","_kad_post_header":false,"_kad_post_footer":false,"footnotes":""},"class_list":["post-17","page","type-page","status-publish","hentry"],"_links":{"self":[{"href":"https:\/\/babtp.fr\/index.php\/wp-json\/wp\/v2\/pages\/17","targetHints":{"allow":["GET"]}}],"collection":[{"href":"https:\/\/babtp.fr\/index.php\/wp-json\/wp\/v2\/pages"}],"about":[{"href":"https:\/\/babtp.fr\/index.php\/wp-json\/wp\/v2\/types\/page"}],"author":[{"embeddable":true,"href":"https:\/\/babtp.fr\/index.php\/wp-json\/wp\/v2\/users\/1"}],"replies":[{"embeddable":true,"href":"https:\/\/babtp.fr\/index.php\/wp-json\/wp\/v2\/comments?post=17"}],"version-history":[{"count":98,"href":"https:\/\/babtp.fr\/index.php\/wp-json\/wp\/v2\/pages\/17\/revisions"}],"predecessor-version":[{"id":1655,"href":"https:\/\/babtp.fr\/index.php\/wp-json\/wp\/v2\/pages\/17\/revisions\/1655"}],"wp:attachment":[{"href":"https:\/\/babtp.fr\/index.php\/wp-json\/wp\/v2\/media?parent=17"}],"curies":[{"name":"wp","href":"https:\/\/api.w.org\/{rel}","templated":true}]}}