{"id":19,"date":"2024-03-04T12:36:07","date_gmt":"2024-03-04T11:36:07","guid":{"rendered":"https:\/\/babtpfi.cluster030.hosting.ovh.net\/?page_id=19"},"modified":"2024-03-19T09:01:08","modified_gmt":"2024-03-19T08:01:08","slug":"reseaux-denergie","status":"publish","type":"page","link":"https:\/\/babtp.fr\/index.php\/reseaux-denergie\/","title":{"rendered":"R\u00c9SEAUX D&rsquo;\u00c9NERGIE"},"content":{"rendered":"\t\t<div data-elementor-type=\"wp-page\" data-elementor-id=\"19\" class=\"elementor elementor-19\">\n\t\t\t\t<div class=\"elementor-element elementor-element-829fd96 e-flex e-con-boxed e-con e-parent\" data-id=\"829fd96\" data-element_type=\"container\" data-settings=\"{&quot;background_background&quot;:&quot;gradient&quot;,&quot;shape_divider_bottom&quot;:&quot;opacity-fan&quot;}\">\n\t\t\t\t\t<div class=\"e-con-inner\">\n\t\t\t\t<div class=\"elementor-shape elementor-shape-bottom\" data-negative=\"false\">\n\t\t\t<svg xmlns=\"http:\/\/www.w3.org\/2000\/svg\" viewBox=\"0 0 283.5 19.6\" preserveAspectRatio=\"none\">\n\t<path class=\"elementor-shape-fill\" style=\"opacity:0.33\" d=\"M0 0L0 18.8 141.8 4.1 283.5 18.8 283.5 0z\"\/>\n\t<path class=\"elementor-shape-fill\" style=\"opacity:0.33\" d=\"M0 0L0 12.6 141.8 4 283.5 12.6 283.5 0z\"\/>\n\t<path class=\"elementor-shape-fill\" style=\"opacity:0.33\" d=\"M0 0L0 6.4 141.8 4 283.5 6.4 283.5 0z\"\/>\n\t<path class=\"elementor-shape-fill\" d=\"M0 0L0 1.2 141.8 4 283.5 1.2 283.5 0z\"\/>\n<\/svg>\t\t<\/div>\n\t\t\t\t<div class=\"elementor-element elementor-element-1c6ff1b elementor-widget elementor-widget-image\" data-id=\"1c6ff1b\" data-element_type=\"widget\" data-widget_type=\"image.default\">\n\t\t\t\t<div class=\"elementor-widget-container\">\n\t\t\t<style>\/*! elementor - v3.23.0 - 25-07-2024 *\/\n.elementor-widget-image{text-align:center}.elementor-widget-image a{display:inline-block}.elementor-widget-image a img[src$=\".svg\"]{width:48px}.elementor-widget-image img{vertical-align:middle;display:inline-block}<\/style>\t\t\t\t\t\t\t\t\t\t<img fetchpriority=\"high\" decoding=\"async\" width=\"577\" height=\"433\" src=\"https:\/\/babtp.fr\/wp-content\/uploads\/2024\/03\/IMG_3301-removebg-preview.png\" class=\"attachment-large size-large wp-image-377\" alt=\"\" srcset=\"https:\/\/babtp.fr\/wp-content\/uploads\/2024\/03\/IMG_3301-removebg-preview.png 577w, https:\/\/babtp.fr\/wp-content\/uploads\/2024\/03\/IMG_3301-removebg-preview-300x225.png 300w\" sizes=\"(max-width: 577px) 100vw, 577px\" \/>\t\t\t\t\t\t\t\t\t\t\t\t\t<\/div>\n\t\t\t\t<\/div>\n\t\t\t\t\t<\/div>\n\t\t\t\t<\/div>\n\t\t<div class=\"elementor-element elementor-element-b6e6491 e-flex e-con-boxed e-con e-parent\" data-id=\"b6e6491\" data-element_type=\"container\">\n\t\t\t\t\t<div class=\"e-con-inner\">\n\t\t<div class=\"elementor-element elementor-element-75c1a15 e-con-full e-flex e-con e-child\" data-id=\"75c1a15\" data-element_type=\"container\">\n\t\t\t\t<div class=\"elementor-element elementor-element-54a3120 elementor-widget elementor-widget-text-editor\" data-id=\"54a3120\" data-element_type=\"widget\" data-widget_type=\"text-editor.default\">\n\t\t\t\t<div class=\"elementor-widget-container\">\n\t\t\t<style>\/*! elementor - v3.23.0 - 25-07-2024 *\/\n.elementor-widget-text-editor.elementor-drop-cap-view-stacked .elementor-drop-cap{background-color:#69727d;color:#fff}.elementor-widget-text-editor.elementor-drop-cap-view-framed .elementor-drop-cap{color:#69727d;border:3px solid;background-color:transparent}.elementor-widget-text-editor:not(.elementor-drop-cap-view-default) .elementor-drop-cap{margin-top:8px}.elementor-widget-text-editor:not(.elementor-drop-cap-view-default) .elementor-drop-cap-letter{width:1em;height:1em}.elementor-widget-text-editor .elementor-drop-cap{float:left;text-align:center;line-height:1;font-size:50px}.elementor-widget-text-editor .elementor-drop-cap-letter{display:inline-block}<\/style>\t\t\t\t<p>Notre expertise se situe dans le transport et la distribution de r\u00e9seaux d\u2019\u00e9nergie.<\/p><p>Nos march\u00e9s pluriannuels avec ENEDIS et GRDF depuis plus de 30 ans sont un gage de s\u00e9rieux et de professionnalisation. Nous sommes le leader sur la c\u00f4te basque du terrassement par la m\u00e9thode douce qui consiste au terrassement des tranch\u00e9es par aspiration pour \u00e9viter la casse de r\u00e9seaux de proximit\u00e9, en milieu urbain.<\/p><p>Notre entreprise poss\u00e8de 3 camions aspirateurs.<\/p>\t\t\t\t\t\t<\/div>\n\t\t\t\t<\/div>\n\t\t\t\t<\/div>\n\t\t<div class=\"elementor-element elementor-element-c5ed700 e-con-full e-flex e-con e-child\" data-id=\"c5ed700\" data-element_type=\"container\">\n\t\t\t\t<\/div>\n\t\t<div class=\"elementor-element elementor-element-0c12fb7 e-con-full e-flex e-con e-child\" data-id=\"0c12fb7\" data-element_type=\"container\">\n\t\t\t\t<\/div>\n\t\t<div class=\"elementor-element elementor-element-7865996 e-con-full e-flex e-con e-child\" data-id=\"7865996\" data-element_type=\"container\">\n\t\t\t\t<div class=\"elementor-element elementor-element-9e8c548 elementor-widget elementor-widget-heading\" data-id=\"9e8c548\" data-element_type=\"widget\" data-widget_type=\"heading.default\">\n\t\t\t\t<div class=\"elementor-widget-container\">\n\t\t\t<style>\/*! elementor - v3.23.0 - 25-07-2024 *\/\n.elementor-heading-title{padding:0;margin:0;line-height:1}.elementor-widget-heading .elementor-heading-title[class*=elementor-size-]>a{color:inherit;font-size:inherit;line-height:inherit}.elementor-widget-heading .elementor-heading-title.elementor-size-small{font-size:15px}.elementor-widget-heading .elementor-heading-title.elementor-size-medium{font-size:19px}.elementor-widget-heading .elementor-heading-title.elementor-size-large{font-size:29px}.elementor-widget-heading .elementor-heading-title.elementor-size-xl{font-size:39px}.elementor-widget-heading .elementor-heading-title.elementor-size-xxl{font-size:59px}<\/style><h2 class=\"elementor-heading-title elementor-size-default\">Nos savoir-faire<\/h2>\t\t<\/div>\n\t\t\t\t<\/div>\n\t\t\t\t<div class=\"elementor-element elementor-element-48ab64e elementor-widget elementor-widget-text-editor\" data-id=\"48ab64e\" data-element_type=\"widget\" data-widget_type=\"text-editor.default\">\n\t\t\t\t<div class=\"elementor-widget-container\">\n\t\t\t\t\t\t\t<ul><li>Les r\u00e9seaux a\u00e9riens et souterrains (BTA, HTA, HTB), d\u00e9pose de lignes, construction et liaisons souterraines, raccordement et branchements<\/li><li>Les r\u00e9seaux gaz : d\u00e9roulage, tirage, branchements, essais mis en gaz<\/li><li>L\u2019\u00e9clairage public<\/li><\/ul>\t\t\t\t\t\t<\/div>\n\t\t\t\t<\/div>\n\t\t\t\t<\/div>\n\t\t\t\t\t<\/div>\n\t\t\t\t<\/div>\n\t\t<div class=\"elementor-element elementor-element-2dc512b e-flex e-con-boxed e-con e-parent\" data-id=\"2dc512b\" data-element_type=\"container\">\n\t\t\t\t\t<div class=\"e-con-inner\">\n\t\t<div class=\"elementor-element elementor-element-fb5183a e-con-full e-flex e-con e-child\" data-id=\"fb5183a\" data-element_type=\"container\" data-settings=\"{&quot;background_background&quot;:&quot;gradient&quot;}\">\n\t\t\t\t<\/div>\n\t\t<div class=\"elementor-element elementor-element-6be7dd7 e-con-full e-flex e-con e-child\" data-id=\"6be7dd7\" data-element_type=\"container\" data-settings=\"{&quot;background_background&quot;:&quot;gradient&quot;}\">\n\t\t\t\t<\/div>\n\t\t<div class=\"elementor-element elementor-element-0893d73 e-con-full e-flex e-con e-child\" data-id=\"0893d73\" data-element_type=\"container\" data-settings=\"{&quot;background_background&quot;:&quot;gradient&quot;}\">\n\t\t\t\t<\/div>\n\t\t<div class=\"elementor-element elementor-element-e6de5b0 e-con-full e-flex e-con e-child\" data-id=\"e6de5b0\" data-element_type=\"container\" data-settings=\"{&quot;background_background&quot;:&quot;gradient&quot;}\">\n\t\t\t\t<\/div>\n\t\t\t\t\t<\/div>\n\t\t\t\t<\/div>\n\t\t\t\t<\/div>\n\t\t","protected":false},"excerpt":{"rendered":"<p>Notre expertise se situe dans le transport et la distribution de r\u00e9seaux d\u2019\u00e9nergie. Nos march\u00e9s pluriannuels avec ENEDIS et GRDF depuis plus de 30 ans sont un gage de s\u00e9rieux et de professionnalisation. Nous sommes le leader sur la c\u00f4te basque du terrassement par la m\u00e9thode douce qui consiste au terrassement des tranch\u00e9es par aspiration&#8230;<\/p>\n","protected":false},"author":1,"featured_media":0,"parent":0,"menu_order":0,"comment_status":"closed","ping_status":"closed","template":"","meta":{"_kad_post_transparent":"","_kad_post_title":"hide","_kad_post_layout":"fullwidth","_kad_post_sidebar_id":"","_kad_post_content_style":"unboxed","_kad_post_vertical_padding":"hide","_kad_post_feature":"hide","_kad_post_feature_position":"","_kad_post_header":false,"_kad_post_footer":false,"footnotes":""},"class_list":["post-19","page","type-page","status-publish","hentry"],"_links":{"self":[{"href":"https:\/\/babtp.fr\/index.php\/wp-json\/wp\/v2\/pages\/19","targetHints":{"allow":["GET"]}}],"collection":[{"href":"https:\/\/babtp.fr\/index.php\/wp-json\/wp\/v2\/pages"}],"about":[{"href":"https:\/\/babtp.fr\/index.php\/wp-json\/wp\/v2\/types\/page"}],"author":[{"embeddable":true,"href":"https:\/\/babtp.fr\/index.php\/wp-json\/wp\/v2\/users\/1"}],"replies":[{"embeddable":true,"href":"https:\/\/babtp.fr\/index.php\/wp-json\/wp\/v2\/comments?post=19"}],"version-history":[{"count":79,"href":"https:\/\/babtp.fr\/index.php\/wp-json\/wp\/v2\/pages\/19\/revisions"}],"predecessor-version":[{"id":1480,"href":"https:\/\/babtp.fr\/index.php\/wp-json\/wp\/v2\/pages\/19\/revisions\/1480"}],"wp:attachment":[{"href":"https:\/\/babtp.fr\/index.php\/wp-json\/wp\/v2\/media?parent=19"}],"curies":[{"name":"wp","href":"https:\/\/api.w.org\/{rel}","templated":true}]}}