{"id":2,"date":"2024-03-04T11:04:40","date_gmt":"2024-03-04T10:04:40","guid":{"rendered":"http:\/\/babtpfi.cluster030.hosting.ovh.net\/?page_id=2"},"modified":"2024-03-19T14:33:21","modified_gmt":"2024-03-19T13:33:21","slug":"page-d-exemple","status":"publish","type":"page","link":"https:\/\/babtp.fr\/index.php\/page-d-exemple\/","title":{"rendered":"NOTRE HISTOIRE"},"content":{"rendered":"\t\t<div data-elementor-type=\"wp-page\" data-elementor-id=\"2\" class=\"elementor elementor-2\">\n\t\t\t\t<div class=\"elementor-element elementor-element-46a535f e-flex e-con-boxed elementor-invisible e-con e-parent\" data-id=\"46a535f\" data-element_type=\"container\" data-settings=\"{&quot;background_background&quot;:&quot;classic&quot;,&quot;animation&quot;:&quot;fadeInDown&quot;}\">\n\t\t\t\t\t<div class=\"e-con-inner\">\n\t\t<div class=\"elementor-element elementor-element-d73861d e-flex e-con-boxed e-con e-child\" data-id=\"d73861d\" data-element_type=\"container\">\n\t\t\t\t\t<div class=\"e-con-inner\">\n\t\t\t\t<div class=\"elementor-element elementor-element-3572d36 elementor-widget elementor-widget-heading\" data-id=\"3572d36\" data-element_type=\"widget\" data-widget_type=\"heading.default\">\n\t\t\t\t<div class=\"elementor-widget-container\">\n\t\t\t<style>\/*! elementor - v3.23.0 - 25-07-2024 *\/\n.elementor-heading-title{padding:0;margin:0;line-height:1}.elementor-widget-heading .elementor-heading-title[class*=elementor-size-]>a{color:inherit;font-size:inherit;line-height:inherit}.elementor-widget-heading .elementor-heading-title.elementor-size-small{font-size:15px}.elementor-widget-heading .elementor-heading-title.elementor-size-medium{font-size:19px}.elementor-widget-heading .elementor-heading-title.elementor-size-large{font-size:29px}.elementor-widget-heading .elementor-heading-title.elementor-size-xl{font-size:39px}.elementor-widget-heading .elementor-heading-title.elementor-size-xxl{font-size:59px}<\/style><h2 class=\"elementor-heading-title elementor-size-default\">Notre Histoire<\/h2>\t\t<\/div>\n\t\t\t\t<\/div>\n\t\t\t\t\t<\/div>\n\t\t\t\t<\/div>\n\t\t\t\t<div class=\"elementor-element elementor-element-5b71958 elementor-widget elementor-widget-timeline-widget-addon\" data-id=\"5b71958\" data-element_type=\"widget\" data-widget_type=\"timeline-widget-addon.default\">\n\t\t\t\t<div class=\"elementor-widget-container\">\n\t\t\t<!-- ========= Timeline Widget Addon For Elementor 1.6.0 ========= -->\r\n<div id=\"twae-wrapper-5b71958\" class=\"twae-vertical twae-wrapper  twae-both-sided\">   \r\n    <div class=\"twae-start\"><\/div>    \r\n    <div id=\"twea-timeline-5b71958\" class=\"twae-timeline\" ><!-- Start of Story Repeater Content --><div id=\"story-807d1b3\" class=\"twae-story twae-repeater-item twae-story-right twae-story-no-icon\"><!-- Story Label --><div class=\"twae-labels\"><div class=\"twae-label-big\">Apr\u00e8s guerre<\/div><\/div><!-- Story Icon --><div class=\"twae-icon\"><svg aria-hidden=\"true\" class=\"e-font-icon-svg e-fas-birthday-cake\" viewBox=\"0 0 448 512\" xmlns=\"http:\/\/www.w3.org\/2000\/svg\"><path d=\"M448 384c-28.02 0-31.26-32-74.5-32-43.43 0-46.825 32-74.75 32-27.695 0-31.454-32-74.75-32-42.842 0-47.218 32-74.5 32-28.148 0-31.202-32-74.75-32-43.547 0-46.653 32-74.75 32v-80c0-26.5 21.5-48 48-48h16V112h64v144h64V112h64v144h64V112h64v144h16c26.5 0 48 21.5 48 48v80zm0 128H0v-96c43.356 0 46.767-32 74.75-32 27.951 0 31.253 32 74.75 32 42.843 0 47.217-32 74.5-32 28.148 0 31.201 32 74.75 32 43.357 0 46.767-32 74.75-32 27.488 0 31.252 32 74.5 32v96zM96 96c-17.75 0-32-14.25-32-32 0-31 32-23 32-64 12 0 32 29.5 32 56s-14.25 40-32 40zm128 0c-17.75 0-32-14.25-32-32 0-31 32-23 32-64 12 0 32 29.5 32 56s-14.25 40-32 40zm128 0c-17.75 0-32-14.25-32-32 0-31 32-23 32-64 12 0 32 29.5 32 56s-14.25 40-32 40z\"><\/path><\/svg><\/div><!-- Story Arrow --><div class=\"twae-arrow\"><\/div><!-- Start of Story Content --><div class=\"twae-content\"><!-- Story Title --><div class=\"twae-title\">Cr\u00e9ation de l'entreprise<\/div><!-- Story Description --><div class=\"twae-description\"><ul>\n<li>Monsieur CAMPO cr\u00e9e son entreprise de BTP dans les ann\u00e9es d\u2019apr\u00e8s guerre. Implant\u00e9e sur Biarritz, l\u2019entreprise se sp\u00e9cialise progressivement dans la pose de r\u00e9seaux souterrains au cours des ann\u00e9es 1960, premiers march\u00e9s avec EDF. Elle est tr\u00e8s fortement ancr\u00e9e dans le paysage \u00e9conomique biarrot.<\/li>\n<\/ul><\/div><\/div><\/div><!-- Start of Story Repeater Content --><div id=\"story-bcabd8c\" class=\"twae-story twae-repeater-item twae-story-left twae-story-no-icon\"><!-- Story Label --><div class=\"twae-labels\"><div class=\"twae-label-big\">1976-1986<\/div><\/div><!-- Story Icon --><div class=\"twae-icon\"><svg aria-hidden=\"true\" class=\"e-font-icon-svg e-fas-exchange-alt\" viewBox=\"0 0 512 512\" xmlns=\"http:\/\/www.w3.org\/2000\/svg\"><path d=\"M0 168v-16c0-13.255 10.745-24 24-24h360V80c0-21.367 25.899-32.042 40.971-16.971l80 80c9.372 9.373 9.372 24.569 0 33.941l-80 80C409.956 271.982 384 261.456 384 240v-48H24c-13.255 0-24-10.745-24-24zm488 152H128v-48c0-21.314-25.862-32.08-40.971-16.971l-80 80c-9.372 9.373-9.372 24.569 0 33.941l80 80C102.057 463.997 128 453.437 128 432v-48h360c13.255 0 24-10.745 24-24v-16c0-13.255-10.745-24-24-24z\"><\/path><\/svg><\/div><!-- Story Arrow --><div class=\"twae-arrow\"><\/div><!-- Start of Story Content --><div class=\"twae-content\"><!-- Story Title --><div class=\"twae-title\">Changement de nom et de propri\u00e9taire<\/div><!-- Story Image --><div class=\"twae-media medium\"><img decoding=\"async\" width=\"286\" height=\"90\" src=\"https:\/\/babtp.fr\/wp-content\/uploads\/2024\/03\/cropped-cropped-babtp.png\" class=\"attachment-medium size-medium\" alt=\"\" \/><\/div><!-- Story Description --><div class=\"twae-description\"><ul>\n<li>En 1976, au d\u00e9c\u00e8s du propri\u00e9taire, Olivier GASSAN int\u00e8gre la soci\u00e9t\u00e9. Puis en 1986 il rach\u00e8te l\u2019entreprise et la d\u00e9nomme BAB TP. Il diversifie la client\u00e8le et \u00e9largit sa\u00a0 \u00a0 \u00a0 \u00a0 \u00a0zone d\u2019action.\u00a0<\/li>\n<\/ul><\/div><\/div><\/div><!-- Start of Story Repeater Content --><div id=\"story-bfe1f2d\" class=\"twae-story twae-repeater-item twae-story-right twae-story-no-icon\"><!-- Story Label --><div class=\"twae-labels\"><div class=\"twae-label-big\">1991<\/div><\/div><!-- Story Icon --><div class=\"twae-icon\"><svg aria-hidden=\"true\" class=\"e-font-icon-svg e-far-building\" viewBox=\"0 0 448 512\" xmlns=\"http:\/\/www.w3.org\/2000\/svg\"><path d=\"M128 148v-40c0-6.6 5.4-12 12-12h40c6.6 0 12 5.4 12 12v40c0 6.6-5.4 12-12 12h-40c-6.6 0-12-5.4-12-12zm140 12h40c6.6 0 12-5.4 12-12v-40c0-6.6-5.4-12-12-12h-40c-6.6 0-12 5.4-12 12v40c0 6.6 5.4 12 12 12zm-128 96h40c6.6 0 12-5.4 12-12v-40c0-6.6-5.4-12-12-12h-40c-6.6 0-12 5.4-12 12v40c0 6.6 5.4 12 12 12zm128 0h40c6.6 0 12-5.4 12-12v-40c0-6.6-5.4-12-12-12h-40c-6.6 0-12 5.4-12 12v40c0 6.6 5.4 12 12 12zm-76 84v-40c0-6.6-5.4-12-12-12h-40c-6.6 0-12 5.4-12 12v40c0 6.6 5.4 12 12 12h40c6.6 0 12-5.4 12-12zm76 12h40c6.6 0 12-5.4 12-12v-40c0-6.6-5.4-12-12-12h-40c-6.6 0-12 5.4-12 12v40c0 6.6 5.4 12 12 12zm180 124v36H0v-36c0-6.6 5.4-12 12-12h19.5V24c0-13.3 10.7-24 24-24h337c13.3 0 24 10.7 24 24v440H436c6.6 0 12 5.4 12 12zM79.5 463H192v-67c0-6.6 5.4-12 12-12h40c6.6 0 12 5.4 12 12v67h112.5V49L80 48l-.5 415z\"><\/path><\/svg><\/div><!-- Story Arrow --><div class=\"twae-arrow\"><\/div><!-- Start of Story Content --><div class=\"twae-content\"><!-- Story Title --><div class=\"twae-title\">Nouveau batiment<\/div><!-- Story Image --><div class=\"twae-media medium_large\"><img fetchpriority=\"high\" decoding=\"async\" width=\"768\" height=\"271\" src=\"https:\/\/babtp.fr\/wp-content\/uploads\/2024\/03\/IMG_3306-scaled-e1711354798634-768x271.jpeg\" class=\"attachment-medium_large size-medium_large\" alt=\"\" srcset=\"https:\/\/babtp.fr\/wp-content\/uploads\/2024\/03\/IMG_3306-scaled-e1711354798634-768x271.jpeg 768w, https:\/\/babtp.fr\/wp-content\/uploads\/2024\/03\/IMG_3306-scaled-e1711354798634-300x106.jpeg 300w, https:\/\/babtp.fr\/wp-content\/uploads\/2024\/03\/IMG_3306-scaled-e1711354798634.jpeg 888w\" sizes=\"(max-width: 768px) 100vw, 768px\" \/><\/div><!-- Story Description --><div class=\"twae-description\"><ul>\n<li>\u00a0Suite \u00e0 son expansion, la soci\u00e9t\u00e9 d\u00e9m\u00e9nage dans des locaux mieux situ\u00e9s et parfaitement adapt\u00e9s \u00e0 son activit\u00e9 sur ANGLET. La soci\u00e9t\u00e9 \u00e9tend son p\u00e9rim\u00e8tre d\u2019intervention aux d\u00e9partements 64, 40 et au-del\u00e0, et structure son encadrement, son organisation et son parc mat\u00e9riel.<\/li>\n<\/ul><\/div><\/div><\/div><!-- Start of Story Repeater Content --><div id=\"story-6aa8b33\" class=\"twae-story twae-repeater-item twae-story-left twae-story-no-icon\"><!-- Story Label --><div class=\"twae-labels\"><div class=\"twae-label-big\">2000\/2005<\/div><\/div><!-- Story Icon --><div class=\"twae-icon\"><svg aria-hidden=\"true\" class=\"e-font-icon-svg e-fas-certificate\" viewBox=\"0 0 512 512\" xmlns=\"http:\/\/www.w3.org\/2000\/svg\"><path d=\"M458.622 255.92l45.985-45.005c13.708-12.977 7.316-36.039-10.664-40.339l-62.65-15.99 17.661-62.015c4.991-17.838-11.829-34.663-29.661-29.671l-61.994 17.667-15.984-62.671C337.085.197 313.765-6.276 300.99 7.228L256 53.57 211.011 7.229c-12.63-13.351-36.047-7.234-40.325 10.668l-15.984 62.671-61.995-17.667C74.87 57.907 58.056 74.738 63.046 92.572l17.661 62.015-62.65 15.99C.069 174.878-6.31 197.944 7.392 210.915l45.985 45.005-45.985 45.004c-13.708 12.977-7.316 36.039 10.664 40.339l62.65 15.99-17.661 62.015c-4.991 17.838 11.829 34.663 29.661 29.671l61.994-17.667 15.984 62.671c4.439 18.575 27.696 24.018 40.325 10.668L256 458.61l44.989 46.001c12.5 13.488 35.987 7.486 40.325-10.668l15.984-62.671 61.994 17.667c17.836 4.994 34.651-11.837 29.661-29.671l-17.661-62.015 62.65-15.99c17.987-4.302 24.366-27.367 10.664-40.339l-45.984-45.004z\"><\/path><\/svg><\/div><!-- Story Arrow --><div class=\"twae-arrow\"><\/div><!-- Start of Story Content --><div class=\"twae-content\"><!-- Story Title --><div class=\"twae-title\">AFAQ ISO 9002-9001<\/div><!-- Story Image --><div class=\"twae-media medium\"><img decoding=\"async\" width=\"300\" height=\"225\" src=\"https:\/\/babtp.fr\/wp-content\/uploads\/2024\/03\/Logo-AFAQ-9001-1-300x225.jpg\" class=\"attachment-medium size-medium\" alt=\"\" srcset=\"https:\/\/babtp.fr\/wp-content\/uploads\/2024\/03\/Logo-AFAQ-9001-1-300x225.jpg 300w, https:\/\/babtp.fr\/wp-content\/uploads\/2024\/03\/Logo-AFAQ-9001-1-1024x768.jpg 1024w, https:\/\/babtp.fr\/wp-content\/uploads\/2024\/03\/Logo-AFAQ-9001-1-768x576.jpg 768w, https:\/\/babtp.fr\/wp-content\/uploads\/2024\/03\/Logo-AFAQ-9001-1.jpg 1500w\" sizes=\"(max-width: 300px) 100vw, 300px\" \/><\/div><!-- Story Description --><div class=\"twae-description\"><p>En 2000, premi\u00e8re qualification AFAQ ISO 9002. En 2005, BAB TP obtient la certification AFAQ ISO 9001 V2000. Les premiers march\u00e9s de travaux a\u00e9ro-souterrains sont sign\u00e9s pour EDF.<\/p><\/div><\/div><\/div><!-- Start of Story Repeater Content --><div id=\"story-b079ef1\" class=\"twae-story twae-repeater-item twae-story-right twae-story-no-icon\"><!-- Story Label --><div class=\"twae-labels\"><div class=\"twae-label-big\">2009<\/div><\/div><!-- Story Icon --><div class=\"twae-icon\"><svg aria-hidden=\"true\" class=\"e-font-icon-svg e-fas-handshake\" viewBox=\"0 0 640 512\" xmlns=\"http:\/\/www.w3.org\/2000\/svg\"><path d=\"M434.7 64h-85.9c-8 0-15.7 3-21.6 8.4l-98.3 90c-.1.1-.2.3-.3.4-16.6 15.6-16.3 40.5-2.1 56 12.7 13.9 39.4 17.6 56.1 2.7.1-.1.3-.1.4-.2l79.9-73.2c6.5-5.9 16.7-5.5 22.6 1 6 6.5 5.5 16.6-1 22.6l-26.1 23.9L504 313.8c2.9 2.4 5.5 5 7.9 7.7V128l-54.6-54.6c-5.9-6-14.1-9.4-22.6-9.4zM544 128.2v223.9c0 17.7 14.3 32 32 32h64V128.2h-96zm48 223.9c-8.8 0-16-7.2-16-16s7.2-16 16-16 16 7.2 16 16-7.2 16-16 16zM0 384h64c17.7 0 32-14.3 32-32V128.2H0V384zm48-63.9c8.8 0 16 7.2 16 16s-7.2 16-16 16-16-7.2-16-16c0-8.9 7.2-16 16-16zm435.9 18.6L334.6 217.5l-30 27.5c-29.7 27.1-75.2 24.5-101.7-4.4-26.9-29.4-24.8-74.9 4.4-101.7L289.1 64h-83.8c-8.5 0-16.6 3.4-22.6 9.4L128 128v223.9h18.3l90.5 81.9c27.4 22.3 67.7 18.1 90-9.3l.2-.2 17.9 15.5c15.9 13 39.4 10.5 52.3-5.4l31.4-38.6 5.4 4.4c13.7 11.1 33.9 9.1 45-4.7l9.5-11.7c11.2-13.8 9.1-33.9-4.6-45.1z\"><\/path><\/svg><\/div><!-- Story Arrow --><div class=\"twae-arrow\"><\/div><!-- Start of Story Content --><div class=\"twae-content\"><!-- Story Title --><div class=\"twae-title\">Groupe CASTILLON.<\/div><!-- Story Image --><div class=\"twae-media medium\"><img loading=\"lazy\" decoding=\"async\" width=\"300\" height=\"200\" src=\"https:\/\/babtp.fr\/wp-content\/uploads\/2024\/03\/20211030174030-edr252copier-300x200.jpg\" class=\"attachment-medium size-medium\" alt=\"\" srcset=\"https:\/\/babtp.fr\/wp-content\/uploads\/2024\/03\/20211030174030-edr252copier-300x200.jpg 300w, https:\/\/babtp.fr\/wp-content\/uploads\/2024\/03\/20211030174030-edr252copier-1024x682.jpg 1024w, https:\/\/babtp.fr\/wp-content\/uploads\/2024\/03\/20211030174030-edr252copier-768x511.jpg 768w, https:\/\/babtp.fr\/wp-content\/uploads\/2024\/03\/20211030174030-edr252copier.jpg 1200w\" sizes=\"(max-width: 300px) 100vw, 300px\" \/><\/div><!-- Story Description --><div class=\"twae-description\"><p>En 2009, la soci\u00e9t\u00e9 int\u00e8gre le\u00a0Groupe CASTILLON<\/p><\/div><\/div><\/div><\/div>\r\n    <div class=\"twae-end\"><\/div>\r\n    <\/div><style type=\"text\/css\">@media (max-width: 1024px){ .twae-wrapper{--tw-ybx-size: 80px !important;}}@media (max-width: 767px){ .twae-wrapper{--tw-ybx-size: 80px !important}}<\/style>\t\t<\/div>\n\t\t\t\t<\/div>\n\t\t\t\t\t<\/div>\n\t\t\t\t<\/div>\n\t\t<div class=\"elementor-element elementor-element-136a8f3 e-flex e-con-boxed e-con e-parent\" data-id=\"136a8f3\" data-element_type=\"container\">\n\t\t\t\t\t<div class=\"e-con-inner\">\n\t\t\t\t\t<\/div>\n\t\t\t\t<\/div>\n\t\t\t\t<\/div>\n\t\t","protected":false},"excerpt":{"rendered":"<p>Notre Histoire Apr\u00e8s guerreCr\u00e9ation de l&rsquo;entreprise Monsieur CAMPO cr\u00e9e son entreprise de BTP dans les ann\u00e9es d\u2019apr\u00e8s guerre. Implant\u00e9e sur Biarritz, l\u2019entreprise se sp\u00e9cialise progressivement dans la pose de r\u00e9seaux souterrains au cours des ann\u00e9es 1960, premiers march\u00e9s avec EDF. Elle est tr\u00e8s fortement ancr\u00e9e dans le paysage \u00e9conomique biarrot. 1976-1986Changement de nom et de&#8230;<\/p>\n","protected":false},"author":1,"featured_media":0,"parent":0,"menu_order":0,"comment_status":"closed","ping_status":"open","template":"","meta":{"_kad_post_transparent":"","_kad_post_title":"","_kad_post_layout":"","_kad_post_sidebar_id":"","_kad_post_content_style":"","_kad_post_vertical_padding":"","_kad_post_feature":"","_kad_post_feature_position":"","_kad_post_header":false,"_kad_post_footer":false,"footnotes":""},"class_list":["post-2","page","type-page","status-publish","hentry"],"_links":{"self":[{"href":"https:\/\/babtp.fr\/index.php\/wp-json\/wp\/v2\/pages\/2","targetHints":{"allow":["GET"]}}],"collection":[{"href":"https:\/\/babtp.fr\/index.php\/wp-json\/wp\/v2\/pages"}],"about":[{"href":"https:\/\/babtp.fr\/index.php\/wp-json\/wp\/v2\/types\/page"}],"author":[{"embeddable":true,"href":"https:\/\/babtp.fr\/index.php\/wp-json\/wp\/v2\/users\/1"}],"replies":[{"embeddable":true,"href":"https:\/\/babtp.fr\/index.php\/wp-json\/wp\/v2\/comments?post=2"}],"version-history":[{"count":61,"href":"https:\/\/babtp.fr\/index.php\/wp-json\/wp\/v2\/pages\/2\/revisions"}],"predecessor-version":[{"id":1624,"href":"https:\/\/babtp.fr\/index.php\/wp-json\/wp\/v2\/pages\/2\/revisions\/1624"}],"wp:attachment":[{"href":"https:\/\/babtp.fr\/index.php\/wp-json\/wp\/v2\/media?parent=2"}],"curies":[{"name":"wp","href":"https:\/\/api.w.org\/{rel}","templated":true}]}}