{"id":415,"date":"2024-03-11T10:08:43","date_gmt":"2024-03-11T09:08:43","guid":{"rendered":"https:\/\/babtpfi.cluster030.hosting.ovh.net\/?page_id=415"},"modified":"2024-03-25T09:47:10","modified_gmt":"2024-03-25T08:47:10","slug":"nos-references","status":"publish","type":"page","link":"https:\/\/babtp.fr\/index.php\/nos-references\/","title":{"rendered":"Nos R\u00e9f\u00e9rences"},"content":{"rendered":"\t\t<div data-elementor-type=\"wp-page\" data-elementor-id=\"415\" class=\"elementor elementor-415\">\n\t\t\t\t<div class=\"elementor-element elementor-element-3951467 e-con-full e-flex e-con e-parent\" data-id=\"3951467\" data-element_type=\"container\">\n\t\t<div class=\"elementor-element elementor-element-4d9a4e3 e-flex e-con-boxed e-con e-child\" data-id=\"4d9a4e3\" data-element_type=\"container\">\n\t\t\t\t\t<div class=\"e-con-inner\">\n\t\t\t\t<div class=\"elementor-element elementor-element-558c995 elementor-widget elementor-widget-heading\" data-id=\"558c995\" data-element_type=\"widget\" data-widget_type=\"heading.default\">\n\t\t\t\t<div class=\"elementor-widget-container\">\n\t\t\t<style>\/*! elementor - v3.23.0 - 25-07-2024 *\/\n.elementor-heading-title{padding:0;margin:0;line-height:1}.elementor-widget-heading .elementor-heading-title[class*=elementor-size-]>a{color:inherit;font-size:inherit;line-height:inherit}.elementor-widget-heading .elementor-heading-title.elementor-size-small{font-size:15px}.elementor-widget-heading .elementor-heading-title.elementor-size-medium{font-size:19px}.elementor-widget-heading .elementor-heading-title.elementor-size-large{font-size:29px}.elementor-widget-heading .elementor-heading-title.elementor-size-xl{font-size:39px}.elementor-widget-heading .elementor-heading-title.elementor-size-xxl{font-size:59px}<\/style><h2 class=\"elementor-heading-title elementor-size-default\">Construction du Batiment <\/h2>\t\t<\/div>\n\t\t\t\t<\/div>\n\t\t\t\t\t<\/div>\n\t\t\t\t<\/div>\n\t\t<div class=\"elementor-element elementor-element-1bda4da e-flex e-con-boxed e-con e-child\" data-id=\"1bda4da\" data-element_type=\"container\">\n\t\t\t\t\t<div class=\"e-con-inner\">\n\t\t\t\t<div class=\"elementor-element elementor-element-7bc8577 elementor-widget elementor-widget-heading\" data-id=\"7bc8577\" data-element_type=\"widget\" data-widget_type=\"heading.default\">\n\t\t\t\t<div class=\"elementor-widget-container\">\n\t\t\t<h2 class=\"elementor-heading-title elementor-size-default\">1991<\/h2>\t\t<\/div>\n\t\t\t\t<\/div>\n\t\t\t\t\t<\/div>\n\t\t\t\t<\/div>\n\t\t\t\t<div class=\"elementor-element elementor-element-f6b0369 image-nos-r\u00e9f\u00e9rences elementor-widget elementor-widget-image\" data-id=\"f6b0369\" data-element_type=\"widget\" data-widget_type=\"image.default\">\n\t\t\t\t<div class=\"elementor-widget-container\">\n\t\t\t<style>\/*! elementor - v3.23.0 - 25-07-2024 *\/\n.elementor-widget-image{text-align:center}.elementor-widget-image a{display:inline-block}.elementor-widget-image a img[src$=\".svg\"]{width:48px}.elementor-widget-image img{vertical-align:middle;display:inline-block}<\/style>\t\t\t\t\t\t\t\t\t\t<img fetchpriority=\"high\" decoding=\"async\" width=\"888\" height=\"313\" src=\"https:\/\/babtp.fr\/wp-content\/uploads\/2024\/03\/IMG_3306-scaled-e1711354798634.jpeg\" class=\"attachment-full size-full wp-image-336\" alt=\"\" srcset=\"https:\/\/babtp.fr\/wp-content\/uploads\/2024\/03\/IMG_3306-scaled-e1711354798634.jpeg 888w, https:\/\/babtp.fr\/wp-content\/uploads\/2024\/03\/IMG_3306-scaled-e1711354798634-300x106.jpeg 300w, https:\/\/babtp.fr\/wp-content\/uploads\/2024\/03\/IMG_3306-scaled-e1711354798634-768x271.jpeg 768w\" sizes=\"(max-width: 888px) 100vw, 888px\" \/>\t\t\t\t\t\t\t\t\t\t\t\t\t<\/div>\n\t\t\t\t<\/div>\n\t\t\t\t<\/div>\n\t\t<div class=\"elementor-element elementor-element-ff68841 e-flex e-con-boxed e-con e-parent\" data-id=\"ff68841\" data-element_type=\"container\" data-settings=\"{&quot;animation&quot;:&quot;none&quot;,&quot;position&quot;:&quot;absolute&quot;}\">\n\t\t\t\t\t<div class=\"e-con-inner\">\n\t\t\t\t\t<\/div>\n\t\t\t\t<\/div>\n\t\t<div class=\"elementor-element elementor-element-3d16832 e-flex e-con-boxed e-con e-parent\" data-id=\"3d16832\" data-element_type=\"container\">\n\t\t\t\t\t<div class=\"e-con-inner\">\n\t\t\t\t<div class=\"elementor-element elementor-element-a75ec9b elementor-widget-divider--view-line elementor-widget elementor-widget-divider\" data-id=\"a75ec9b\" data-element_type=\"widget\" data-widget_type=\"divider.default\">\n\t\t\t\t<div class=\"elementor-widget-container\">\n\t\t\t<style>\/*! elementor - v3.23.0 - 25-07-2024 *\/\n.elementor-widget-divider{--divider-border-style:none;--divider-border-width:1px;--divider-color:#0c0d0e;--divider-icon-size:20px;--divider-element-spacing:10px;--divider-pattern-height:24px;--divider-pattern-size:20px;--divider-pattern-url:none;--divider-pattern-repeat:repeat-x}.elementor-widget-divider .elementor-divider{display:flex}.elementor-widget-divider .elementor-divider__text{font-size:15px;line-height:1;max-width:95%}.elementor-widget-divider .elementor-divider__element{margin:0 var(--divider-element-spacing);flex-shrink:0}.elementor-widget-divider .elementor-icon{font-size:var(--divider-icon-size)}.elementor-widget-divider .elementor-divider-separator{display:flex;margin:0;direction:ltr}.elementor-widget-divider--view-line_icon .elementor-divider-separator,.elementor-widget-divider--view-line_text .elementor-divider-separator{align-items:center}.elementor-widget-divider--view-line_icon .elementor-divider-separator:after,.elementor-widget-divider--view-line_icon .elementor-divider-separator:before,.elementor-widget-divider--view-line_text .elementor-divider-separator:after,.elementor-widget-divider--view-line_text .elementor-divider-separator:before{display:block;content:\"\";border-block-end:0;flex-grow:1;border-block-start:var(--divider-border-width) var(--divider-border-style) var(--divider-color)}.elementor-widget-divider--element-align-left .elementor-divider .elementor-divider-separator>.elementor-divider__svg:first-of-type{flex-grow:0;flex-shrink:100}.elementor-widget-divider--element-align-left .elementor-divider-separator:before{content:none}.elementor-widget-divider--element-align-left .elementor-divider__element{margin-left:0}.elementor-widget-divider--element-align-right .elementor-divider .elementor-divider-separator>.elementor-divider__svg:last-of-type{flex-grow:0;flex-shrink:100}.elementor-widget-divider--element-align-right .elementor-divider-separator:after{content:none}.elementor-widget-divider--element-align-right .elementor-divider__element{margin-right:0}.elementor-widget-divider--element-align-start .elementor-divider .elementor-divider-separator>.elementor-divider__svg:first-of-type{flex-grow:0;flex-shrink:100}.elementor-widget-divider--element-align-start .elementor-divider-separator:before{content:none}.elementor-widget-divider--element-align-start .elementor-divider__element{margin-inline-start:0}.elementor-widget-divider--element-align-end .elementor-divider .elementor-divider-separator>.elementor-divider__svg:last-of-type{flex-grow:0;flex-shrink:100}.elementor-widget-divider--element-align-end .elementor-divider-separator:after{content:none}.elementor-widget-divider--element-align-end .elementor-divider__element{margin-inline-end:0}.elementor-widget-divider:not(.elementor-widget-divider--view-line_text):not(.elementor-widget-divider--view-line_icon) .elementor-divider-separator{border-block-start:var(--divider-border-width) var(--divider-border-style) var(--divider-color)}.elementor-widget-divider--separator-type-pattern{--divider-border-style:none}.elementor-widget-divider--separator-type-pattern.elementor-widget-divider--view-line .elementor-divider-separator,.elementor-widget-divider--separator-type-pattern:not(.elementor-widget-divider--view-line) .elementor-divider-separator:after,.elementor-widget-divider--separator-type-pattern:not(.elementor-widget-divider--view-line) .elementor-divider-separator:before,.elementor-widget-divider--separator-type-pattern:not([class*=elementor-widget-divider--view]) .elementor-divider-separator{width:100%;min-height:var(--divider-pattern-height);-webkit-mask-size:var(--divider-pattern-size) 100%;mask-size:var(--divider-pattern-size) 100%;-webkit-mask-repeat:var(--divider-pattern-repeat);mask-repeat:var(--divider-pattern-repeat);background-color:var(--divider-color);-webkit-mask-image:var(--divider-pattern-url);mask-image:var(--divider-pattern-url)}.elementor-widget-divider--no-spacing{--divider-pattern-size:auto}.elementor-widget-divider--bg-round{--divider-pattern-repeat:round}.rtl .elementor-widget-divider .elementor-divider__text{direction:rtl}.e-con-inner>.elementor-widget-divider,.e-con>.elementor-widget-divider{width:var(--container-widget-width,100%);--flex-grow:var(--container-widget-flex-grow)}<\/style>\t\t<div class=\"elementor-divider\">\n\t\t\t<span class=\"elementor-divider-separator\">\n\t\t\t\t\t\t<\/span>\n\t\t<\/div>\n\t\t\t\t<\/div>\n\t\t\t\t<\/div>\n\t\t\t\t\t<\/div>\n\t\t\t\t<\/div>\n\t\t<div class=\"elementor-element elementor-element-5243dc8 e-flex e-con-boxed e-con e-parent\" data-id=\"5243dc8\" data-element_type=\"container\">\n\t\t\t\t\t<div class=\"e-con-inner\">\n\t\t\t\t<div class=\"elementor-element elementor-element-c02b079 elementor-widget__width-initial elementor-widget elementor-widget-e_image_hover_effects\" data-id=\"c02b079\" data-element_type=\"widget\" data-widget_type=\"e_image_hover_effects.default\">\n\t\t\t\t<div class=\"elementor-widget-container\">\n\t\t\t\t\t\t<div class=\"eihe-box eihe-shutter-in-vert eihe_center\">\n\t\t\t\t<img fetchpriority=\"high\" decoding=\"async\" width=\"888\" height=\"313\" src=\"https:\/\/babtp.fr\/wp-content\/uploads\/2024\/03\/IMG_3306-scaled-e1711354798634.jpeg\" class=\"attachment-full size-full wp-image-336\" alt=\"\" srcset=\"https:\/\/babtp.fr\/wp-content\/uploads\/2024\/03\/IMG_3306-scaled-e1711354798634.jpeg 888w, https:\/\/babtp.fr\/wp-content\/uploads\/2024\/03\/IMG_3306-scaled-e1711354798634-300x106.jpeg 300w, https:\/\/babtp.fr\/wp-content\/uploads\/2024\/03\/IMG_3306-scaled-e1711354798634-768x271.jpeg 768w\" sizes=\"(max-width: 888px) 100vw, 888px\" \/>\t\t\t\t<div class=\"eihe-caption\">\n\t\t\t\t\t<div class=\"eihe-title-cover\">\n\t\t\t\t\t\t\t\t\t\t\t\t<h3 class=\"eihe-title\">Construction du b\u00e2timent (1991)<\/h3>\n\t\t\t\t\t\t\t\t\t\t\t<\/div>\n\t\t\t\t\t<p>En ces temps merveilleux o\u00f9 la Th\u00e9ologie\nFleurit avec le plus de s\u00e8ve et d'\u00e9nergie\nOn raconte qu'un jour un docteur des plus grands,\n- Apr\u00e8s avoir forc\u00e9 les coeurs indiff\u00e9rents ;\nLes avoir remu\u00e9s dans leurs profondeurs noires ;\nApr\u00e8s avoir franchi vers les c\u00e9lestes gloires\nDes chemins singuliers \u00e0 lui-m\u00eame inconnus,\nO\u00f9 les purs Esprits seuls peut-\u00eatre \u00e9taient venus,\nComme un homme mont\u00e9 trop haut, pris de panique,\nS'\u00e9cria, transport\u00e9 d'un orgueil satanique :\n\" J\u00e9sus, petit J\u00e9sus ! je t'ai pouss\u00e9 bien haut !\nMais, si j'avais voulu t'attaquer au d\u00e9faut\nDe l'armure, ta honte \u00e9galerait ta gloire,\nEt tu ne serais plus qu'un foetus d\u00e9risoire ! \"\n<\/p>\n\t\t\t\t<\/div>\n\t\t\t<\/div>\n\t\t\t\t<\/div>\n\t\t\t\t<\/div>\n\t\t\t\t<div class=\"elementor-element elementor-element-5adad5c elementor-widget elementor-widget-heading\" data-id=\"5adad5c\" data-element_type=\"widget\" data-widget_type=\"heading.default\">\n\t\t\t\t<div class=\"elementor-widget-container\">\n\t\t\t<h2 class=\"elementor-heading-title elementor-size-default\">Construction du batiment<\/h2>\t\t<\/div>\n\t\t\t\t<\/div>\n\t\t\t\t<div class=\"elementor-element elementor-element-87a6a78 elementor-widget elementor-widget-heading\" data-id=\"87a6a78\" data-element_type=\"widget\" data-widget_type=\"heading.default\">\n\t\t\t\t<div class=\"elementor-widget-container\">\n\t\t\t<h2 class=\"elementor-heading-title elementor-size-default\">1991<\/h2>\t\t<\/div>\n\t\t\t\t<\/div>\n\t\t\t\t<div class=\"elementor-element elementor-element-9399b32 elementor-widget__width-initial elementor-widget elementor-widget-e_image_hover_effects\" data-id=\"9399b32\" data-element_type=\"widget\" data-widget_type=\"e_image_hover_effects.default\">\n\t\t\t\t<div class=\"elementor-widget-container\">\n\t\t\t\t\t\t<div class=\"eihe-box eihe-shutter-in-vert eihe_center\">\n\t\t\t\t<img fetchpriority=\"high\" decoding=\"async\" width=\"888\" height=\"313\" src=\"https:\/\/babtp.fr\/wp-content\/uploads\/2024\/03\/IMG_3306-scaled-e1711354798634.jpeg\" class=\"attachment-full size-full wp-image-336\" alt=\"\" srcset=\"https:\/\/babtp.fr\/wp-content\/uploads\/2024\/03\/IMG_3306-scaled-e1711354798634.jpeg 888w, https:\/\/babtp.fr\/wp-content\/uploads\/2024\/03\/IMG_3306-scaled-e1711354798634-300x106.jpeg 300w, https:\/\/babtp.fr\/wp-content\/uploads\/2024\/03\/IMG_3306-scaled-e1711354798634-768x271.jpeg 768w\" sizes=\"(max-width: 888px) 100vw, 888px\" \/>\t\t\t\t<div class=\"eihe-caption\">\n\t\t\t\t\t<div class=\"eihe-title-cover\">\n\t\t\t\t\t\t\t\t\t\t\t\t<h3 class=\"eihe-title\">Construction du b\u00e2timent (1991)<\/h3>\n\t\t\t\t\t\t\t\t\t\t\t<\/div>\n\t\t\t\t\t<p>En ces temps merveilleux o\u00f9 la Th\u00e9ologie\nFleurit avec le plus de s\u00e8ve et d'\u00e9nergie\nOn raconte qu'un jour un docteur des plus grands,\n- Apr\u00e8s avoir forc\u00e9 les coeurs indiff\u00e9rents ;\nLes avoir remu\u00e9s dans leurs profondeurs noires ;\nApr\u00e8s avoir franchi vers les c\u00e9lestes gloires\nDes chemins singuliers \u00e0 lui-m\u00eame inconnus,\nO\u00f9 les purs Esprits seuls peut-\u00eatre \u00e9taient venus,\nComme un homme mont\u00e9 trop haut, pris de panique,\nS'\u00e9cria, transport\u00e9 d'un orgueil satanique :\n\" J\u00e9sus, petit J\u00e9sus ! je t'ai pouss\u00e9 bien haut !\nMais, si j'avais voulu t'attaquer au d\u00e9faut\nDe l'armure, ta honte \u00e9galerait ta gloire,\nEt tu ne serais plus qu'un foetus d\u00e9risoire ! \"\n<\/p>\n\t\t\t\t<\/div>\n\t\t\t<\/div>\n\t\t\t\t<\/div>\n\t\t\t\t<\/div>\n\t\t\t\t\t<\/div>\n\t\t\t\t<\/div>\n\t\t<div class=\"elementor-element elementor-element-dc84531 e-flex e-con-boxed e-con e-parent\" data-id=\"dc84531\" data-element_type=\"container\">\n\t\t\t\t\t<div class=\"e-con-inner\">\n\t\t<div class=\"elementor-element elementor-element-28d454e e-con-full e-flex e-con e-child\" data-id=\"28d454e\" data-element_type=\"container\">\n\t\t\t\t<div class=\"elementor-element elementor-element-c29a94d elementor-widget elementor-widget-heading\" data-id=\"c29a94d\" data-element_type=\"widget\" data-widget_type=\"heading.default\">\n\t\t\t\t<div class=\"elementor-widget-container\">\n\t\t\t<h2 class=\"elementor-heading-title elementor-size-default\">Construction du batiment<\/h2>\t\t<\/div>\n\t\t\t\t<\/div>\n\t\t\t\t<div class=\"elementor-element elementor-element-3e76e2f elementor-widget elementor-widget-heading\" data-id=\"3e76e2f\" data-element_type=\"widget\" data-widget_type=\"heading.default\">\n\t\t\t\t<div class=\"elementor-widget-container\">\n\t\t\t<h2 class=\"elementor-heading-title elementor-size-default\">1991<\/h2>\t\t<\/div>\n\t\t\t\t<\/div>\n\t\t\t\t<\/div>\n\t\t<div class=\"elementor-element elementor-element-9c66455 e-con-full e-flex e-con e-child\" data-id=\"9c66455\" data-element_type=\"container\">\n\t\t\t\t<div class=\"elementor-element elementor-element-83a54e9 elementor-widget elementor-widget-e_image_hover_effects\" data-id=\"83a54e9\" data-element_type=\"widget\" data-widget_type=\"e_image_hover_effects.default\">\n\t\t\t\t<div class=\"elementor-widget-container\">\n\t\t\t\t\t\t<div class=\"eihe-box eihe-fade-in-up eihe_center\">\n\t\t\t\t<img decoding=\"async\" width=\"700\" height=\"272\" src=\"https:\/\/babtp.fr\/wp-content\/uploads\/2024\/03\/recardrage-du-bat.png\" class=\"attachment-full size-full wp-image-1796\" alt=\"\" srcset=\"https:\/\/babtp.fr\/wp-content\/uploads\/2024\/03\/recardrage-du-bat.png 700w, https:\/\/babtp.fr\/wp-content\/uploads\/2024\/03\/recardrage-du-bat-300x117.png 300w\" sizes=\"(max-width: 700px) 100vw, 700px\" \/>\t\t\t\t<div class=\"eihe-caption\">\n\t\t\t\t\t<div class=\"eihe-title-cover\">\n\t\t\t\t\t\t\t\t\t\t\t\t<h3 class=\"eihe-title\">Title<\/h3>\n\t\t\t\t\t\t\t\t\t\t\t<\/div>\n\t\t\t\t\t<p>Description<\/p>\n\t\t\t\t<\/div>\n\t\t\t<\/div>\n\t\t\t\t<\/div>\n\t\t\t\t<\/div>\n\t\t\t\t<\/div>\n\t\t\t\t\t<\/div>\n\t\t\t\t<\/div>\n\t\t\t\t<\/div>\n\t\t","protected":false},"excerpt":{"rendered":"<p>Construction du Batiment 1991 Construction du b\u00e2timent (1991) En ces temps merveilleux o\u00f9 la Th\u00e9ologie Fleurit avec le plus de s\u00e8ve et d&rsquo;\u00e9nergie On raconte qu&rsquo;un jour un docteur des plus grands, &#8211; Apr\u00e8s avoir forc\u00e9 les coeurs indiff\u00e9rents ; Les avoir remu\u00e9s dans leurs profondeurs noires ; Apr\u00e8s avoir franchi vers les c\u00e9lestes gloires&#8230;<\/p>\n","protected":false},"author":2,"featured_media":0,"parent":0,"menu_order":0,"comment_status":"closed","ping_status":"closed","template":"elementor_header_footer","meta":{"_kad_post_transparent":"","_kad_post_title":"hide","_kad_post_layout":"fullwidth","_kad_post_sidebar_id":"","_kad_post_content_style":"unboxed","_kad_post_vertical_padding":"hide","_kad_post_feature":"hide","_kad_post_feature_position":"","_kad_post_header":false,"_kad_post_footer":false,"footnotes":""},"class_list":["post-415","page","type-page","status-publish","hentry"],"_links":{"self":[{"href":"https:\/\/babtp.fr\/index.php\/wp-json\/wp\/v2\/pages\/415","targetHints":{"allow":["GET"]}}],"collection":[{"href":"https:\/\/babtp.fr\/index.php\/wp-json\/wp\/v2\/pages"}],"about":[{"href":"https:\/\/babtp.fr\/index.php\/wp-json\/wp\/v2\/types\/page"}],"author":[{"embeddable":true,"href":"https:\/\/babtp.fr\/index.php\/wp-json\/wp\/v2\/users\/2"}],"replies":[{"embeddable":true,"href":"https:\/\/babtp.fr\/index.php\/wp-json\/wp\/v2\/comments?post=415"}],"version-history":[{"count":280,"href":"https:\/\/babtp.fr\/index.php\/wp-json\/wp\/v2\/pages\/415\/revisions"}],"predecessor-version":[{"id":1830,"href":"https:\/\/babtp.fr\/index.php\/wp-json\/wp\/v2\/pages\/415\/revisions\/1830"}],"wp:attachment":[{"href":"https:\/\/babtp.fr\/index.php\/wp-json\/wp\/v2\/media?parent=415"}],"curies":[{"name":"wp","href":"https:\/\/api.w.org\/{rel}","templated":true}]}}