{"id":48,"date":"2024-03-06T08:53:28","date_gmt":"2024-03-06T07:53:28","guid":{"rendered":"https:\/\/babtpfi.cluster030.hosting.ovh.net\/?page_id=48"},"modified":"2024-03-19T14:50:27","modified_gmt":"2024-03-19T13:50:27","slug":"mentions-legales","status":"publish","type":"page","link":"https:\/\/babtp.fr\/index.php\/mentions-legales\/","title":{"rendered":"Mentions l\u00e9gales"},"content":{"rendered":"\t\t<div data-elementor-type=\"wp-page\" data-elementor-id=\"48\" class=\"elementor elementor-48\">\n\t\t\t\t<div class=\"elementor-element elementor-element-38a58a6f e-flex e-con-boxed e-con e-parent\" data-id=\"38a58a6f\" data-element_type=\"container\">\n\t\t\t\t\t<div class=\"e-con-inner\">\n\t\t\t\t<div class=\"elementor-element elementor-element-9b61b1c elementor-widget elementor-widget-heading\" data-id=\"9b61b1c\" data-element_type=\"widget\" data-widget_type=\"heading.default\">\n\t\t\t\t<div class=\"elementor-widget-container\">\n\t\t\t<style>\/*! elementor - v3.23.0 - 25-07-2024 *\/\n.elementor-heading-title{padding:0;margin:0;line-height:1}.elementor-widget-heading .elementor-heading-title[class*=elementor-size-]>a{color:inherit;font-size:inherit;line-height:inherit}.elementor-widget-heading .elementor-heading-title.elementor-size-small{font-size:15px}.elementor-widget-heading .elementor-heading-title.elementor-size-medium{font-size:19px}.elementor-widget-heading .elementor-heading-title.elementor-size-large{font-size:29px}.elementor-widget-heading .elementor-heading-title.elementor-size-xl{font-size:39px}.elementor-widget-heading .elementor-heading-title.elementor-size-xxl{font-size:59px}<\/style><h2 class=\"elementor-heading-title elementor-size-default\">Mentions l\u00e9gales<\/h2>\t\t<\/div>\n\t\t\t\t<\/div>\n\t\t\t\t<div class=\"elementor-element elementor-element-11c7f1e0 elementor-widget elementor-widget-text-editor\" data-id=\"11c7f1e0\" data-element_type=\"widget\" data-widget_type=\"text-editor.default\">\n\t\t\t\t<div class=\"elementor-widget-container\">\n\t\t\t<style>\/*! elementor - v3.23.0 - 25-07-2024 *\/\n.elementor-widget-text-editor.elementor-drop-cap-view-stacked .elementor-drop-cap{background-color:#69727d;color:#fff}.elementor-widget-text-editor.elementor-drop-cap-view-framed .elementor-drop-cap{color:#69727d;border:3px solid;background-color:transparent}.elementor-widget-text-editor:not(.elementor-drop-cap-view-default) .elementor-drop-cap{margin-top:8px}.elementor-widget-text-editor:not(.elementor-drop-cap-view-default) .elementor-drop-cap-letter{width:1em;height:1em}.elementor-widget-text-editor .elementor-drop-cap{float:left;text-align:center;line-height:1;font-size:50px}.elementor-widget-text-editor .elementor-drop-cap-letter{display:inline-block}<\/style>\t\t\t\t<!-- wp:kadence\/rowlayout {\"uniqueID\":\"48_07b73f-bf\",\"columns\":1,\"colLayout\":\"equal\",\"kbVersion\":2} -->\n<!-- wp:kadence\/column {\"borderWidth\":[\"\",\"\",\"\",\"\"],\"uniqueID\":\"48_922a5c-45\",\"direction\":[\"vertical-reverse\",\"\",\"\"],\"rowGap\":[0,\"\",\"\"],\"rowGapVariable\":[\"custom\",\"\",\"\"],\"verticalAlignment\":\"bottom\",\"height\":[0,\"\",\"\"],\"kbVersion\":2} -->\n<div class=\"wp-block-kadence-column kadence-column48_922a5c-45 kb-section-dir-vertical-reverse\"><div class=\"kt-inside-inner-col\"><!-- wp:kadence\/spacer {\"hAlign\":\"left\",\"spacerHeight\":63,\"dividerColor\":\"#f00000\",\"dividerWidth\":100,\"dividerHeight\":2,\"uniqueID\":\"48_354dd2-e9\"} -->\n<div class=\"wp-block-kadence-spacer aligncenter kt-block-spacer-48_354dd2-e9\"><div class=\"kt-block-spacer kt-block-spacer-halign-left\"><hr class=\"kt-divider\"\/><\/div><\/div>\n<!-- \/wp:kadence\/spacer --><\/div><\/div>\n<!-- \/wp:kadence\/column -->\n<!-- \/wp:kadence\/rowlayout -->\n\n<!-- wp:kadence\/rowlayout {\"uniqueID\":\"48_ecb375-8a\",\"columns\":1,\"colLayout\":\"equal\",\"kbVersion\":2} -->\n<!-- wp:kadence\/column {\"borderWidth\":[\"\",\"\",\"\",\"\"],\"uniqueID\":\"48_9310e8-ea\",\"kbVersion\":2} -->\n<div class=\"wp-block-kadence-column kadence-column48_9310e8-ea\"><div class=\"kt-inside-inner-col\"><!-- wp:paragraph {\"style\":{\"elements\":{\"link\":{\"color\":{\"text\":\"var:preset|color|theme-palette3\"}}}},\"textColor\":\"theme-palette3\"} -->\n<p class=\"has-theme-palette-3-color has-text-color has-link-color\">Ce site est propos\u00e9 par\u00a0:<br><br>BAB TP<br>Parc d&rsquo;activit\u00e9s de Maignon\u00a0<br>20 rue de Pitoys<br>64600 ANGLET<br>T\u00e9l. : 05 59 42 30 70\u00a0<br>Fax : 05 59 42 30 47<br><a href=\"mailto:contact@bab-tp.fr\" target=\"_blank\" rel=\"noreferrer noopener\">contact@bab-tp.fr<\/a><br><br>BAB TP<br>SAS au capital de\u00a0100 000 \u20ac<br>RCS\u00a0339 883 548<br><br>H\u00e9bergement<br>Le site est h\u00e9berg\u00e9 par\u00a0:<br>https:\/\/www.ovhcloud.com\/fr\/<br>2 rue Kellermann, Roubaix<br><br>En acc\u00e9dant et en navigant sur ce site pr\u00e9sent\u00e9 par BAB TP, vous \u00eates inform\u00e9 de vos droits et obligations et vous acceptez pleinement de vous conformer aux pr\u00e9sentes conditions d&rsquo;utilisation du site. Ces conditions peuvent \u00eatre mises \u00e0 jour depuis votre derni\u00e8re connexion au site. Vous \u00eates donc invit\u00e9 \u00e0 consulter cette page \u00e0 l&rsquo;occasion de chaque connexion au site.<\/p>\n<!-- \/wp:paragraph -->\n\n<!-- wp:paragraph -->\n<p>DROIT DE LA PROPRIETE INTELLECTUELLE<br>En acc\u00e9dant au site www.babtp.fr, vous acceptez de vous conformer au Code de la Propri\u00e9t\u00e9 Intellectuelle fran\u00e7ais et plus g\u00e9n\u00e9ralement aux trait\u00e9s et accords internationaux comportant des dispositions relatives \u00e0 la protection des droits d&rsquo;auteur, de cr\u00e9ations et mod\u00e8les et\/ou de marques. C&rsquo;est ainsi que vous vous interdisez de reproduire ou repr\u00e9senter, int\u00e9gralement ou partiellement, les donn\u00e9es, articles, photos, illustrations, logo\u2026 qui figurent sur le site par quelque proc\u00e9d\u00e9 ou support que ce soit, sans autorisation \u00e9crite particuli\u00e8re et pr\u00e9alable de BAB TP. De m\u00eame vous vous interdisez \u00e9galement d&rsquo;introduire des donn\u00e9es, images, photos\u2026 sur le site de BAB TP qui modifieraient ou seraient susceptibles de modifier le contenu ou l&rsquo;apparence des donn\u00e9es, articles, photos\u2026 figurant sur le site et par quelques proc\u00e9d\u00e9s que ce soit. Le non-respect de l&rsquo;un de ces droits d&rsquo;auteur est un d\u00e9lit de contrefa\u00e7on sanctionn\u00e9 par l&rsquo;article L 335-2 du code de la Propri\u00e9t\u00e9 Intellectuelle. Vous avez la possibilit\u00e9 de copier des articles publi\u00e9s sur notre site www.babtp.fr dans certains cas limitativement pr\u00e9vus :\u00a0<br>l&rsquo;usage \u00e0 but non lucratif et\/ou informationnel. Vous prendrez alors le soin de citer vos sources.<\/p>\n<!-- \/wp:paragraph -->\n\n<!-- wp:paragraph -->\n<p>RESPONSABILITE<br>BAB TP ne pourra \u00eatre tenu pour responsable de tout dommage ou perte av\u00e9r\u00e9s ou all\u00e9gu\u00e9s cons\u00e9cutifs ou en relation avec l&rsquo;utilisation ou avec le fait d&rsquo;avoir fait confiance au contenu, \u00e0 des biens ou des services disponibles sur ces sites ou sources externes ou encore en raison de la pr\u00e9sence d&rsquo;un virus, cheval de Troie ou autre parasite de nature intrusive ou destructive sur ces sites ou sources externes. Les \u00e9ventuels liens hypertextes pr\u00e9sents sur le site www.babtp.fr et aiguillant les utilisateurs vers d&rsquo;autres sites n&rsquo;engagent pas la responsabilit\u00e9 de BAB TP. En effet, la soci\u00e9t\u00e9 ne peut contr\u00f4ler les sites et sources externes notamment les informations, publicit\u00e9s\u2026<br>La mise en place d&rsquo;un lien hypertexte vers une page du site www.babtp.fr n\u00e9cessite une demande d&rsquo;autorisation \u00e9crite pr\u00e9alable \u00e0 l&rsquo;adresse suivante :\u00a0<br><br><br>BAB TP, qui prend soin de v\u00e9rifier la qualit\u00e9 des informations transmises, ne pourra \u00eatre tenu comme responsable ni de l&rsquo;exactitude, ni des erreurs, ni des omissions de celles-ci. Le groupe s&rsquo;engage \u00e0 proc\u00e9der \u00e0 une correction dans les plus brefs d\u00e9lais d\u00e8s la constatation de toute erreur.<br>Pour nous informer des \u00e9ventuelles erreurs ou nous faire part de vos remarques concernant le fonctionnement du site, vous pouvez nous contacter par e-mail\u00a0:\u00a0<a href=\"mailto:contact@bab-tp.fr\" target=\"_blank\" rel=\"noreferrer noopener\">contact@bab-tp.fr<\/a><\/p>\n<!-- \/wp:paragraph -->\n\n<!-- wp:paragraph -->\n<p>CONFIDENTIALITE DES INFORMATIONS TRANSMISES<br>Les messages transmis \u00e0 BAB TP par l&rsquo;interm\u00e9diaire du r\u00e9seau Internet peuvent \u00eatre intercept\u00e9s sur ledit r\u00e9seau. Jusqu&rsquo;\u00e0 ce qu&rsquo;ils parviennent sur le site www.groupe-castillon.fr, leur confidentialit\u00e9 ne peut \u00eatre garantie. Il est donc recommand\u00e9 aux visiteurs du site www.babtp.fr de s&rsquo;assurer de ne pas divulguer d&rsquo;informations personnelles inutiles ou sensibles. De plus, l&rsquo;indication de la provenance des messages \u00e9lectroniques re\u00e7us par ce site peut \u00eatre falsifi\u00e9e. Par cons\u00e9quent, les visiteurs qui souhaitent communiquer www.babtp.fr de telles informations devront imp\u00e9rativement utiliser la voie postale. Les informations que vous nous communiquez par e-mail ou par formulaire sont enregistr\u00e9es exclusivement par BAB TP. Nous nous engageons \u00e0 ne pas c\u00e9der \u00e0 des tiers et \u00e0 ne pas utiliser les informations personnelles que les visiteurs du site de BAB TP pourraient lui fournir \u00e0 des fins non pr\u00e9vues.<br>Vous disposez d&rsquo;un droit d&rsquo;acc\u00e8s, de modification, de rectification et suppression concernant vos donn\u00e9es dans les conditions pr\u00e9vues par art 34 de la loi du 6 janvier 1978 relative \u00e0 l&rsquo;informatique, aux fichiers et aux libert\u00e9s.\u00a0<br>Pour l&rsquo;exercer, adressez-vous \u00e0\u00a0:<br>BAB TP<br>Parc d&rsquo;activit\u00e9s de Maignon\u00a0<br>20 rue de Pitoys<br>64600 ANGLET<br><br>Les informations ainsi fournies par les internautes seront consid\u00e9r\u00e9es comme confidentielles et devront \u00eatre exactes, actuelles, licites et ne pas nuire aux int\u00e9r\u00eats des tiers.<\/p>\n<!-- \/wp:paragraph -->\n\n<!-- wp:paragraph -->\n<p><strong>CR\u00c9DITS PHOTOS<\/strong><br><a href=\"https:\/\/stock.adobe.com\/fr\/\" target=\"_blank\" rel=\"noreferrer noopener\">Adobe stock<\/a><br>\u00a9 Groupe Castillon<\/p>\n<!-- \/wp:paragraph -->\n\n<!-- wp:paragraph -->\n<p>INDISPONIBILITE DU SITE www.babtp.fr<br>BAB TP s&rsquo;engage \u00e0 faire ses meilleurs efforts pour assurer aux utilisateurs une accessibilit\u00e9 du site \u00e0 tout moment. BAB TP ne pourra \u00eatre tenu responsable, en cas d&rsquo;indisponibilit\u00e9 du site, pour quelque cause que ce soit.<br>Pour nous contacter\u00a0:\u00a0<a href=\"mailto:contact@bab-tp.fr\" target=\"_blank\" rel=\"noreferrer noopener\">contact@bab-tp.fr<\/a><\/p>\n<!-- \/wp:paragraph --><\/div><\/div>\n<!-- \/wp:kadence\/column -->\n<!-- \/wp:kadence\/rowlayout -->\t\t\t\t\t\t<\/div>\n\t\t\t\t<\/div>\n\t\t\t\t\t<\/div>\n\t\t\t\t<\/div>\n\t\t\t\t<\/div>\n\t\t","protected":false},"excerpt":{"rendered":"<p>Mentions l\u00e9gales<\/p>\n","protected":false},"author":2,"featured_media":0,"parent":0,"menu_order":0,"comment_status":"closed","ping_status":"closed","template":"","meta":{"_kad_post_transparent":"","_kad_post_title":"","_kad_post_layout":"","_kad_post_sidebar_id":"","_kad_post_content_style":"","_kad_post_vertical_padding":"","_kad_post_feature":"","_kad_post_feature_position":"","_kad_post_header":false,"_kad_post_footer":false,"footnotes":""},"class_list":["post-48","page","type-page","status-publish","hentry"],"_links":{"self":[{"href":"https:\/\/babtp.fr\/index.php\/wp-json\/wp\/v2\/pages\/48","targetHints":{"allow":["GET"]}}],"collection":[{"href":"https:\/\/babtp.fr\/index.php\/wp-json\/wp\/v2\/pages"}],"about":[{"href":"https:\/\/babtp.fr\/index.php\/wp-json\/wp\/v2\/types\/page"}],"author":[{"embeddable":true,"href":"https:\/\/babtp.fr\/index.php\/wp-json\/wp\/v2\/users\/2"}],"replies":[{"embeddable":true,"href":"https:\/\/babtp.fr\/index.php\/wp-json\/wp\/v2\/comments?post=48"}],"version-history":[{"count":4,"href":"https:\/\/babtp.fr\/index.php\/wp-json\/wp\/v2\/pages\/48\/revisions"}],"predecessor-version":[{"id":1627,"href":"https:\/\/babtp.fr\/index.php\/wp-json\/wp\/v2\/pages\/48\/revisions\/1627"}],"wp:attachment":[{"href":"https:\/\/babtp.fr\/index.php\/wp-json\/wp\/v2\/media?parent=48"}],"curies":[{"name":"wp","href":"https:\/\/api.w.org\/{rel}","templated":true}]}}